{"id":196,"date":"2022-09-05T10:20:30","date_gmt":"2022-09-05T08:20:30","guid":{"rendered":"http:\/\/www.robertolagrotteria.com\/?page_id=196"},"modified":"2022-09-05T10:20:31","modified_gmt":"2022-09-05T08:20:31","slug":"contacts-2","status":"publish","type":"page","link":"http:\/\/www.robertolagrotteria.com\/index.php\/fr\/contacts-2\/","title":{"rendered":"Contacts"},"content":{"rendered":"\n<p>T\u00e9l\u00e9phone : +410918256555<\/p>\n\n\n\n<p>E-mail: Roberto.lagrotteria@bluewin.ch<\/p>\n\n\n\n<p>O\u00f9 nous sommes:<\/p>\n\n\n\n<iframe loading=\"lazy\" src=\"https:\/\/www.google.com\/maps\/embed?pb=!1m18!1m12!1m3!1d1161.266029019651!2d9.022155638310894!3d46.19112286104117!2m3!1f0!2f0!3f0!3m2!1i1024!2i768!4f13.1!3m3!1m2!1s0x47844a372b913349%3A0x52d5d820ae09fe01!2sPiazza+Nosetto+4%2C+6500+Bellinzona%2C+Svizzera!5e0!3m2!1sit!2sit!4v1560768123404!5m2!1sit!2sit\" width=\"600\" height=\"450\" frameborder=\"0\" style=\"border:0\" allowfullscreen=\"\"><\/iframe>\n","protected":false},"excerpt":{"rendered":"<p>T\u00e9l\u00e9phone : +410918256555 E-mail: Roberto.lagrotteria@bluewin.ch O\u00f9 nous sommes:<\/p>\n","protected":false},"author":1,"featured_media":0,"parent":0,"menu_order":0,"comment_status":"closed","ping_status":"closed","template":"","meta":[],"_links":{"self":[{"href":"http:\/\/www.robertolagrotteria.com\/index.php\/wp-json\/wp\/v2\/pages\/196"}],"collection":[{"href":"http:\/\/www.robertolagrotteria.com\/index.php\/wp-json\/wp\/v2\/pages"}],"about":[{"href":"http:\/\/www.robertolagrotteria.com\/index.php\/wp-json\/wp\/v2\/types\/page"}],"author":[{"embeddable":true,"href":"http:\/\/www.robertolagrotteria.com\/index.php\/wp-json\/wp\/v2\/users\/1"}],"replies":[{"embeddable":true,"href":"http:\/\/www.robertolagrotteria.com\/index.php\/wp-json\/wp\/v2\/comments?post=196"}],"version-history":[{"count":1,"href":"http:\/\/www.robertolagrotteria.com\/index.php\/wp-json\/wp\/v2\/pages\/196\/revisions"}],"predecessor-version":[{"id":197,"href":"http:\/\/www.robertolagrotteria.com\/index.php\/wp-json\/wp\/v2\/pages\/196\/revisions\/197"}],"wp:attachment":[{"href":"http:\/\/www.robertolagrotteria.com\/index.php\/wp-json\/wp\/v2\/media?parent=196"}],"curies":[{"name":"wp","href":"https:\/\/api.w.org\/{rel}","templated":true}]}}