{"id":199,"date":"2022-09-05T10:22:28","date_gmt":"2022-09-05T08:22:28","guid":{"rendered":"http:\/\/www.robertolagrotteria.com\/?page_id=199"},"modified":"2022-09-05T10:24:09","modified_gmt":"2022-09-05T08:24:09","slug":"informations-pour-lintervention","status":"publish","type":"page","link":"http:\/\/www.robertolagrotteria.com\/index.php\/fr\/informations-pour-lintervention\/","title":{"rendered":"Informations pour l&#8217;intervention"},"content":{"rendered":"\n<p>Le Bureau du m\u00e9decin du Dr Roberto Lagrotteria Chirurgien, sp\u00e9cialiste en orthop\u00e9die et traumatologie, traite les maladies du syst\u00e8me musculo-squelettique d&#8217;un traumatisme sportif et de la d\u00e9g\u00e9n\u00e9rescence articulaire.<\/p>\n\n\n\n<p>Les domaines d&#8217;int\u00e9r\u00eat particuliers visent les pathologies du genou, de l&#8217;\u00e9paule et de la hanche.<\/p>\n","protected":false},"excerpt":{"rendered":"<p>Le Bureau du m\u00e9decin du Dr Roberto Lagrotteria Chirurgien, sp\u00e9cialiste en orthop\u00e9die et traumatologie, traite les maladies du syst\u00e8me musculo-squelettique d&#8217;un traumatisme sportif et de la d\u00e9g\u00e9n\u00e9rescence articulaire. Les domaines d&#8217;int\u00e9r\u00eat particuliers visent les pathologies du genou, de l&#8217;\u00e9paule et de la hanche.<\/p>\n","protected":false},"author":1,"featured_media":0,"parent":0,"menu_order":0,"comment_status":"closed","ping_status":"closed","template":"","meta":[],"_links":{"self":[{"href":"http:\/\/www.robertolagrotteria.com\/index.php\/wp-json\/wp\/v2\/pages\/199"}],"collection":[{"href":"http:\/\/www.robertolagrotteria.com\/index.php\/wp-json\/wp\/v2\/pages"}],"about":[{"href":"http:\/\/www.robertolagrotteria.com\/index.php\/wp-json\/wp\/v2\/types\/page"}],"author":[{"embeddable":true,"href":"http:\/\/www.robertolagrotteria.com\/index.php\/wp-json\/wp\/v2\/users\/1"}],"replies":[{"embeddable":true,"href":"http:\/\/www.robertolagrotteria.com\/index.php\/wp-json\/wp\/v2\/comments?post=199"}],"version-history":[{"count":2,"href":"http:\/\/www.robertolagrotteria.com\/index.php\/wp-json\/wp\/v2\/pages\/199\/revisions"}],"predecessor-version":[{"id":203,"href":"http:\/\/www.robertolagrotteria.com\/index.php\/wp-json\/wp\/v2\/pages\/199\/revisions\/203"}],"wp:attachment":[{"href":"http:\/\/www.robertolagrotteria.com\/index.php\/wp-json\/wp\/v2\/media?parent=199"}],"curies":[{"name":"wp","href":"https:\/\/api.w.org\/{rel}","templated":true}]}}