{"id":207,"date":"2022-09-05T10:30:57","date_gmt":"2022-09-05T08:30:57","guid":{"rendered":"http:\/\/www.robertolagrotteria.com\/?page_id=207"},"modified":"2022-09-05T10:30:57","modified_gmt":"2022-09-05T08:30:57","slug":"prothese-de-hanche","status":"publish","type":"page","link":"http:\/\/www.robertolagrotteria.com\/index.php\/fr\/prothese-de-hanche\/","title":{"rendered":"Proth\u00e8se de hanche"},"content":{"rendered":"\n<figure class=\"wp-block-image\"><img loading=\"lazy\" width=\"1600\" height=\"1051\" src=\"http:\/\/www.robertolagrotteria.com\/wp-content\/uploads\/protesi-anca.png\" alt=\"\" class=\"wp-image-77\" srcset=\"http:\/\/www.robertolagrotteria.com\/wp-content\/uploads\/protesi-anca.png 1600w, http:\/\/www.robertolagrotteria.com\/wp-content\/uploads\/protesi-anca-300x197.png 300w, http:\/\/www.robertolagrotteria.com\/wp-content\/uploads\/protesi-anca-768x504.png 768w, http:\/\/www.robertolagrotteria.com\/wp-content\/uploads\/protesi-anca-1024x673.png 1024w\" sizes=\"(max-width: 706px) 89vw, (max-width: 767px) 82vw, 740px\" \/><\/figure>\n\n\n\n<p>Proth\u00e8se de hanche : En cas de d\u00e9g\u00e9n\u00e9rescence avanc\u00e9e, une intervention chirurgicale est r\u00e9alis\u00e9e avec la pose d&#8217;une proth\u00e8se totale.<\/p>\n\n\n\n<p>Avec la mise en place de la proth\u00e8se de hanche, les patients sont en mesure de retrouver une mobilit\u00e9 articulaire compl\u00e8te jusqu&#8217;\u00e0 ce qu&#8217;ils puissent \u00eatre r\u00e9int\u00e9gr\u00e9s dans leurs activit\u00e9s quotidiennes. Hospitalisation de 6 jours en clinique, \u00e0 partir du 2\u00e8me jour post-op\u00e9ratoire, de r\u00e9\u00e9ducation \u00e0 la marche. \u00c0 la sortie, la r\u00e9\u00e9ducation se poursuit pendant environ 3 \u00e0 4 mois jusqu&#8217;\u00e0 la gu\u00e9rison compl\u00e8te.<\/p>\n\n\n\n<figure class=\"wp-block-image\"><img loading=\"lazy\" width=\"512\" height=\"440\" src=\"http:\/\/www.robertolagrotteria.com\/wp-content\/uploads\/protesi-anca-1.png\" alt=\"\" class=\"wp-image-125\" srcset=\"http:\/\/www.robertolagrotteria.com\/wp-content\/uploads\/protesi-anca-1.png 512w, http:\/\/www.robertolagrotteria.com\/wp-content\/uploads\/protesi-anca-1-300x258.png 300w\" sizes=\"(max-width: 512px) 100vw, 512px\" \/><\/figure>\n","protected":false},"excerpt":{"rendered":"<p>Proth\u00e8se de hanche : En cas de d\u00e9g\u00e9n\u00e9rescence avanc\u00e9e, une intervention chirurgicale est r\u00e9alis\u00e9e avec la pose d&#8217;une proth\u00e8se totale. Avec la mise en place de la proth\u00e8se de hanche, les patients sont en mesure de retrouver une mobilit\u00e9 articulaire compl\u00e8te jusqu&#8217;\u00e0 ce qu&#8217;ils puissent \u00eatre r\u00e9int\u00e9gr\u00e9s dans leurs activit\u00e9s quotidiennes. Hospitalisation de 6 jours &hellip; <\/p>\n<p class=\"link-more\"><a href=\"http:\/\/www.robertolagrotteria.com\/index.php\/fr\/prothese-de-hanche\/\" class=\"more-link\">Leggi tutto<span class=\"screen-reader-text\"> &#8220;Proth\u00e8se de hanche&#8221;<\/span><\/a><\/p>\n","protected":false},"author":1,"featured_media":0,"parent":0,"menu_order":0,"comment_status":"closed","ping_status":"closed","template":"","meta":[],"_links":{"self":[{"href":"http:\/\/www.robertolagrotteria.com\/index.php\/wp-json\/wp\/v2\/pages\/207"}],"collection":[{"href":"http:\/\/www.robertolagrotteria.com\/index.php\/wp-json\/wp\/v2\/pages"}],"about":[{"href":"http:\/\/www.robertolagrotteria.com\/index.php\/wp-json\/wp\/v2\/types\/page"}],"author":[{"embeddable":true,"href":"http:\/\/www.robertolagrotteria.com\/index.php\/wp-json\/wp\/v2\/users\/1"}],"replies":[{"embeddable":true,"href":"http:\/\/www.robertolagrotteria.com\/index.php\/wp-json\/wp\/v2\/comments?post=207"}],"version-history":[{"count":1,"href":"http:\/\/www.robertolagrotteria.com\/index.php\/wp-json\/wp\/v2\/pages\/207\/revisions"}],"predecessor-version":[{"id":208,"href":"http:\/\/www.robertolagrotteria.com\/index.php\/wp-json\/wp\/v2\/pages\/207\/revisions\/208"}],"wp:attachment":[{"href":"http:\/\/www.robertolagrotteria.com\/index.php\/wp-json\/wp\/v2\/media?parent=207"}],"curies":[{"name":"wp","href":"https:\/\/api.w.org\/{rel}","templated":true}]}}