{"id":213,"date":"2022-09-05T10:35:09","date_gmt":"2022-09-05T08:35:09","guid":{"rendered":"http:\/\/www.robertolagrotteria.com\/?page_id=213"},"modified":"2022-09-05T10:37:01","modified_gmt":"2022-09-05T08:37:01","slug":"arthroscopie-du-genou-et-reconstruction-des-ligaments-croises","status":"publish","type":"page","link":"http:\/\/www.robertolagrotteria.com\/index.php\/fr\/arthroscopie-du-genou-et-reconstruction-des-ligaments-croises\/","title":{"rendered":"Arthroscopie du genou et reconstruction des ligaments crois\u00e8s"},"content":{"rendered":"\n<figure class=\"wp-block-image\"><img loading=\"lazy\" width=\"295\" height=\"114\" src=\"http:\/\/www.robertolagrotteria.com\/wp-content\/uploads\/artroscopia-ginocchio-1.jpg\" alt=\"\" class=\"wp-image-109\"\/><\/figure>\n\n\n\n<figure class=\"wp-block-image\"><img loading=\"lazy\" width=\"299\" height=\"118\" src=\"http:\/\/www.robertolagrotteria.com\/wp-content\/uploads\/ricostruzione-crociato-anteriore-o-posteriore.jpg\" alt=\"\" class=\"wp-image-110\"\/><\/figure>\n\n\n\n<p>Chirurgie n\u00e9cessaire pour les l\u00e9sions m\u00e9niscales, ligamentaires intra-articulaires et cartilagineuses. La chirurgie arthroscopique consiste en une approche mini-invasive avec 2 petites incisions du genou qui permettent l&#8217;introduction d&#8217;une cam\u00e9ra et la vision intra-articulaire sur \u00e9cran. l&#8217;autre acc\u00e8s permet l&#8217;utilisation d&#8217;une instrumentation d\u00e9di\u00e9e pour effectuer les interventions chirurgicales n\u00e9cessaires. Pour les l\u00e9sions m\u00e9niscales, lorsque cela est possible, une suture ou une \u00e9ventuelle m\u00e9niscectomie s\u00e9lective est pr\u00e9vue pour restaurer l&#8217;anatomie du m\u00e9nisque et permettre une r\u00e9cup\u00e9ration d&#8217;une mobilit\u00e9 correcte. C&#8217;est une op\u00e9ration qui se pratique en H\u00f4pital de jour et pr\u00e9voit une r\u00e9cup\u00e9ration de 45 jours avec r\u00e9\u00e9ducation. Les l\u00e9sions ligamentaires intra-articulaires sont r\u00e9alis\u00e9es par chirurgie avec une partie arthroscopique qui consiste en la pr\u00e9paration du passage intra-articulaire du n\u00e9o ligament et une partie chirurgicale pour l&#8217;ablation des tendons qui serviront au n\u00e9o ligament. L&#8217;hospitalisation est pr\u00e9vue pour 5 jours au cours desquels le patient commence imm\u00e9diatement sa convalescence avec le kin\u00e9sith\u00e9rapeute. La r\u00e9cup\u00e9ration compl\u00e8te et le retour au sport est de 6 \u00e0 8 mois. Les l\u00e9sions cartilagineuses, en fonction du type de l\u00e9sion, de la taille et de la surface de la l\u00e9sion, sont \u00e9tudi\u00e9es possibilit\u00e9s de traitement et de r\u00e9solution, au moyen de transplantation, microperforations, mosa\u00efqueplastie. il existe de nombreuses fa\u00e7ons de traiter ces blessures S\u00e9jour hospitalier de 3 \u00e0 4 jours Un retour aux activit\u00e9s sportives est pr\u00e9vu dans 5 mois.<\/p>\n","protected":false},"excerpt":{"rendered":"<p>Chirurgie n\u00e9cessaire pour les l\u00e9sions m\u00e9niscales, ligamentaires intra-articulaires et cartilagineuses. La chirurgie arthroscopique consiste en une approche mini-invasive avec 2 petites incisions du genou qui permettent l&#8217;introduction d&#8217;une cam\u00e9ra et la vision intra-articulaire sur \u00e9cran. l&#8217;autre acc\u00e8s permet l&#8217;utilisation d&#8217;une instrumentation d\u00e9di\u00e9e pour effectuer les interventions chirurgicales n\u00e9cessaires. Pour les l\u00e9sions m\u00e9niscales, lorsque cela est &hellip; <\/p>\n<p class=\"link-more\"><a href=\"http:\/\/www.robertolagrotteria.com\/index.php\/fr\/arthroscopie-du-genou-et-reconstruction-des-ligaments-croises\/\" class=\"more-link\">Leggi tutto<span class=\"screen-reader-text\"> &#8220;Arthroscopie du genou et reconstruction des ligaments crois\u00e8s&#8221;<\/span><\/a><\/p>\n","protected":false},"author":1,"featured_media":0,"parent":0,"menu_order":0,"comment_status":"closed","ping_status":"closed","template":"","meta":[],"_links":{"self":[{"href":"http:\/\/www.robertolagrotteria.com\/index.php\/wp-json\/wp\/v2\/pages\/213"}],"collection":[{"href":"http:\/\/www.robertolagrotteria.com\/index.php\/wp-json\/wp\/v2\/pages"}],"about":[{"href":"http:\/\/www.robertolagrotteria.com\/index.php\/wp-json\/wp\/v2\/types\/page"}],"author":[{"embeddable":true,"href":"http:\/\/www.robertolagrotteria.com\/index.php\/wp-json\/wp\/v2\/users\/1"}],"replies":[{"embeddable":true,"href":"http:\/\/www.robertolagrotteria.com\/index.php\/wp-json\/wp\/v2\/comments?post=213"}],"version-history":[{"count":2,"href":"http:\/\/www.robertolagrotteria.com\/index.php\/wp-json\/wp\/v2\/pages\/213\/revisions"}],"predecessor-version":[{"id":216,"href":"http:\/\/www.robertolagrotteria.com\/index.php\/wp-json\/wp\/v2\/pages\/213\/revisions\/216"}],"wp:attachment":[{"href":"http:\/\/www.robertolagrotteria.com\/index.php\/wp-json\/wp\/v2\/media?parent=213"}],"curies":[{"name":"wp","href":"https:\/\/api.w.org\/{rel}","templated":true}]}}