{"id":217,"date":"2022-09-05T10:38:53","date_gmt":"2022-09-05T08:38:53","guid":{"rendered":"http:\/\/www.robertolagrotteria.com\/?page_id=217"},"modified":"2022-09-05T10:38:53","modified_gmt":"2022-09-05T08:38:53","slug":"therapie-dinfiltration-articulaire","status":"publish","type":"page","link":"http:\/\/www.robertolagrotteria.com\/index.php\/fr\/therapie-dinfiltration-articulaire\/","title":{"rendered":"Th\u00e8rapie d&#8217;infiltration articulaire"},"content":{"rendered":"\n<figure class=\"wp-block-image\"><img loading=\"lazy\" width=\"900\" height=\"422\" src=\"http:\/\/www.robertolagrotteria.com\/wp-content\/uploads\/osteoartrite-infiltrazioni-intraarticolari.jpg\" alt=\"\" class=\"wp-image-99\" srcset=\"http:\/\/www.robertolagrotteria.com\/wp-content\/uploads\/osteoartrite-infiltrazioni-intraarticolari.jpg 900w, http:\/\/www.robertolagrotteria.com\/wp-content\/uploads\/osteoartrite-infiltrazioni-intraarticolari-300x141.jpg 300w, http:\/\/www.robertolagrotteria.com\/wp-content\/uploads\/osteoartrite-infiltrazioni-intraarticolari-768x360.jpg 768w\" sizes=\"(max-width: 706px) 89vw, (max-width: 767px) 82vw, 740px\" \/><\/figure>\n\n\n\n<p>Il existe des traitements infiltrants qui peuvent \u00eatre adapt\u00e9s en fonction du probl\u00e8me articulaire.<\/p>\n\n\n\n<p>Les infiltrations sont r\u00e9alis\u00e9es avec du PRP, A.Hyaluronic. Les soins sont r\u00e9alis\u00e9s au cabinet apr\u00e8s organisation du pr\u00e9-traitement.<\/p>\n","protected":false},"excerpt":{"rendered":"<p>Il existe des traitements infiltrants qui peuvent \u00eatre adapt\u00e9s en fonction du probl\u00e8me articulaire. Les infiltrations sont r\u00e9alis\u00e9es avec du PRP, A.Hyaluronic. Les soins sont r\u00e9alis\u00e9s au cabinet apr\u00e8s organisation du pr\u00e9-traitement.<\/p>\n","protected":false},"author":1,"featured_media":0,"parent":0,"menu_order":0,"comment_status":"closed","ping_status":"closed","template":"","meta":[],"_links":{"self":[{"href":"http:\/\/www.robertolagrotteria.com\/index.php\/wp-json\/wp\/v2\/pages\/217"}],"collection":[{"href":"http:\/\/www.robertolagrotteria.com\/index.php\/wp-json\/wp\/v2\/pages"}],"about":[{"href":"http:\/\/www.robertolagrotteria.com\/index.php\/wp-json\/wp\/v2\/types\/page"}],"author":[{"embeddable":true,"href":"http:\/\/www.robertolagrotteria.com\/index.php\/wp-json\/wp\/v2\/users\/1"}],"replies":[{"embeddable":true,"href":"http:\/\/www.robertolagrotteria.com\/index.php\/wp-json\/wp\/v2\/comments?post=217"}],"version-history":[{"count":1,"href":"http:\/\/www.robertolagrotteria.com\/index.php\/wp-json\/wp\/v2\/pages\/217\/revisions"}],"predecessor-version":[{"id":218,"href":"http:\/\/www.robertolagrotteria.com\/index.php\/wp-json\/wp\/v2\/pages\/217\/revisions\/218"}],"wp:attachment":[{"href":"http:\/\/www.robertolagrotteria.com\/index.php\/wp-json\/wp\/v2\/media?parent=217"}],"curies":[{"name":"wp","href":"https:\/\/api.w.org\/{rel}","templated":true}]}}