{"id":224,"date":"2022-09-06T11:18:43","date_gmt":"2022-09-06T09:18:43","guid":{"rendered":"http:\/\/www.robertolagrotteria.com\/?page_id=224"},"modified":"2022-09-06T11:18:44","modified_gmt":"2022-09-06T09:18:44","slug":"dr-roberto-lagrotteria-4","status":"publish","type":"page","link":"http:\/\/www.robertolagrotteria.com\/index.php\/de\/dr-roberto-lagrotteria-4\/","title":{"rendered":"Dr. Roberto Lagrotteria"},"content":{"rendered":"\n<p><em><strong>QUALIFIKATIONEN<\/strong><\/em><\/p>\n\n\n\n<p><em>&#8211; Abschluss in Medizin und Chirurgie an der Staatlichen Universit\u00e4t Mailand im Juli 2002.<\/em><\/p>\n\n\n\n<p><em>-Spezialgebiet f\u00fcr Orthop\u00e4die und Traumatologie 1. G.Pini Fachschule Mailand Abstimmung 70\/70 November 2007<\/em><\/p>\n\n\n\n<p><em>&#8211; Eidgen\u00f6ssische Diplomanerkennung 11.05.2008<\/em><\/p>\n\n\n\n<p><em>-FMH Orthop\u00e4die Februar 2011.<\/em><\/p>\n\n\n\n<p><em><strong>ZUGEH\u00d6RIGKEITEN:<\/strong><\/em><\/p>\n\n\n\n<p><em>&#8211; Mitglied der Italienischen Gesellschaft f\u00fcr Arthroskopie.<\/em><\/p>\n\n\n\n<p><em>&#8211; SIGS-Partner<\/em><\/p>\n\n\n\n<p><em>&#8211; Mitglied von SECEC Europa.<\/em><\/p>\n\n\n\n<p><em>-Silbernes Mitglied der AO Trauma Foundation.<\/em><\/p>\n\n\n\n<p><em>-EACCME Zertifikat AO Foundation (Br\u00fcssel 03.03.2009)<\/em><\/p>\n\n\n\n<p><em>-Mitglied SIGASCOT<\/em><\/p>\n\n\n\n<p><strong><em>PROFESSIONELLES TRAINING<\/em>:<\/strong><\/p>\n\n\n\n<p><em>Berufsausbildung nach Erlangung des Titels Facharzt f\u00fcr Orthop\u00e4die und Traumatologie in Italien 1 Gaetano Pini Specialty School in Mailand Klasse 70\/70. Ich habe zahlreiche Kurse und Praktika im Bereich Orthop\u00e4die in Europa und den Vereinigten Staaten durchgef\u00fchrt. Ich habe eine in Europa anerkannte Qualifikation als Subspezialist auf dem Gebiet der Knie-, Schulter- und H\u00fcftpathologie erworben.Ich nehme h\u00e4ufig als Mitglied und Partner an Kursen und Konferenzen in ganz Europa und in den Vereinigten Staaten teil.<\/em><\/p>\n\n\n\n<p><em>Ich habe an zahlreichen Konferenzen als Referent teilgenommen.<\/em><\/p>\n\n\n\n<p><em><strong>AKTUELLE ROLLEN:<\/strong><\/em><\/p>\n\n\n\n<p><em>Inhaber der privaten Arztpraxis Piazza Nosetto 4 Bellinzona, Schweiz.<\/em><\/p>\n\n\n\n<p><em>Arztpraxis im Mendrisio Medical Center in Via Motta 2 &#8211; Tel: 0916402727<\/em><\/p>\n\n\n\n<p><em>Arztpraxis im medizinischen Zentrum Piazzetta in cav. Pellanda 1 Biasca &#8211; Tel: 0918256555<\/em><\/p>\n\n\n\n<p><em>Akkreditiert bei ARS Medica Klinik Gravesano Schweiz<\/em><\/p>\n\n\n\n<p><em>Koordinator medizinisches Personal Hockey Ticino Rockets LNB Swiss Hockey<\/em><\/p>\n\n\n\n<p><em>Mitglied der Medizinethik Tessin Schweiz.<\/em><\/p>\n\n\n\n<p><strong>VER\u00d6FFENTLICHUNGEN:<\/strong><\/p>\n\n\n\n<p><em>1) Nodul\u00e4re Synovitis der pigmentierten Zotte in der Hand: Einzelfall und Literatur\u00fcbersicht.<\/em><\/p>\n\n\n\n<p><em>&nbsp;&nbsp;&nbsp; (Lo Scalpello 2002; 16: 61-63).<\/em><\/p>\n\n\n\n<p><em>2) Osteosynthese proximaler Humerusfrakturen mit perkutanen F\u00e4den: Zweifel und Gewissheiten.<\/em><\/p>\n\n\n\n<p><em>&nbsp;&nbsp;&nbsp; (Lo Scalpello 2002; 16: 153-157).<\/em><\/p>\n\n\n\n<p><em>3) Mini-Invasivit\u00e4t und neue Synthesewege (Artikel Orthop\u00e4die und Rheumatologie, Bd. 115, Nr. 3, 2004).<\/em><\/p>\n\n\n\n<p><em>4) Nachlese: Offene Behandlung vs. arthroskopisch von Bankart-L\u00e4sionen.<\/em><\/p>\n\n\n\n<p><em>&nbsp;&nbsp;&nbsp; (Pressespiegel Orthop\u00e4die und Rheumatologie Bd. 115 Nr. 3, 2004).<\/em><\/p>\n\n\n\n<p><em>5) Gleaning: Neue Erkenntnisse zur \u00c4tiopathogenese der idiopathischen Skoliose.<\/em><\/p>\n\n\n\n<p><em>&nbsp;&nbsp;&nbsp; (Pressespiegel Orthop\u00e4die und Rheumatologie Bd. 115 Nr. 3, 2004).<\/em><\/p>\n\n\n\n<p><em>6) Nachlese: Vertebroplastie und Kyphoplastie bei der Behandlung von schmerzhaften Frakturen der Wirbels\u00e4ule<\/em><\/p>\n\n\n\n<p><em>&nbsp;&nbsp;&nbsp; Osteoporose.<\/em><\/p>\n\n\n\n<p><em>&nbsp;&nbsp;&nbsp; (Pressespiegel Orthop\u00e4die und Rheumatologie Bd. 116, Nr. 3, 2005).<\/em><\/p>\n\n\n\n<p><em>7) Epidemiologie und soziale Auswirkungen der Osteoporose.<\/em><\/p>\n\n\n\n<p><em>&nbsp;&nbsp;&nbsp; (\u00dcberpr\u00fcfung von Osteoporose und Rehabilitation)<\/em><\/p>\n\n\n\n<p><em>8) Die Verwendung von Wachstumsfaktoren bei der Behandlung von Pseudarthrosen.<\/em><\/p>\n\n\n\n<p><em>&nbsp;&nbsp;&nbsp; (Minerva Ortopedica e Traumatologia 2004: 55 (3): 125)<\/em><\/p>\n","protected":false},"excerpt":{"rendered":"<p>QUALIFIKATIONEN &#8211; Abschluss in Medizin und Chirurgie an der Staatlichen Universit\u00e4t Mailand im Juli 2002. -Spezialgebiet f\u00fcr Orthop\u00e4die und Traumatologie 1. G.Pini Fachschule Mailand Abstimmung 70\/70 November 2007 &#8211; Eidgen\u00f6ssische Diplomanerkennung 11.05.2008 -FMH Orthop\u00e4die Februar 2011. ZUGEH\u00d6RIGKEITEN: &#8211; Mitglied der Italienischen Gesellschaft f\u00fcr Arthroskopie. &#8211; SIGS-Partner &#8211; Mitglied von SECEC Europa. -Silbernes Mitglied der AO &hellip; <\/p>\n<p class=\"link-more\"><a href=\"http:\/\/www.robertolagrotteria.com\/index.php\/de\/dr-roberto-lagrotteria-4\/\" class=\"more-link\">Leggi tutto<span class=\"screen-reader-text\"> &#8220;Dr. Roberto Lagrotteria&#8221;<\/span><\/a><\/p>\n","protected":false},"author":1,"featured_media":0,"parent":0,"menu_order":0,"comment_status":"closed","ping_status":"closed","template":"","meta":[],"_links":{"self":[{"href":"http:\/\/www.robertolagrotteria.com\/index.php\/wp-json\/wp\/v2\/pages\/224"}],"collection":[{"href":"http:\/\/www.robertolagrotteria.com\/index.php\/wp-json\/wp\/v2\/pages"}],"about":[{"href":"http:\/\/www.robertolagrotteria.com\/index.php\/wp-json\/wp\/v2\/types\/page"}],"author":[{"embeddable":true,"href":"http:\/\/www.robertolagrotteria.com\/index.php\/wp-json\/wp\/v2\/users\/1"}],"replies":[{"embeddable":true,"href":"http:\/\/www.robertolagrotteria.com\/index.php\/wp-json\/wp\/v2\/comments?post=224"}],"version-history":[{"count":1,"href":"http:\/\/www.robertolagrotteria.com\/index.php\/wp-json\/wp\/v2\/pages\/224\/revisions"}],"predecessor-version":[{"id":225,"href":"http:\/\/www.robertolagrotteria.com\/index.php\/wp-json\/wp\/v2\/pages\/224\/revisions\/225"}],"wp:attachment":[{"href":"http:\/\/www.robertolagrotteria.com\/index.php\/wp-json\/wp\/v2\/media?parent=224"}],"curies":[{"name":"wp","href":"https:\/\/api.w.org\/{rel}","templated":true}]}}