{"id":231,"date":"2022-09-06T11:22:28","date_gmt":"2022-09-06T09:22:28","guid":{"rendered":"http:\/\/www.robertolagrotteria.com\/?page_id=231"},"modified":"2022-09-06T11:22:28","modified_gmt":"2022-09-06T09:22:28","slug":"informationen-fur-den-eingriff","status":"publish","type":"page","link":"http:\/\/www.robertolagrotteria.com\/index.php\/de\/informationen-fur-den-eingriff\/","title":{"rendered":"Informationen f\u00fcr den Eingriff"},"content":{"rendered":"\n<p>sie werden w\u00e4hrend des Studiobesuchs sorgf\u00e4ltig durchgef\u00fchrt.<\/p>\n","protected":false},"excerpt":{"rendered":"<p>sie werden w\u00e4hrend des Studiobesuchs sorgf\u00e4ltig durchgef\u00fchrt.<\/p>\n","protected":false},"author":1,"featured_media":0,"parent":0,"menu_order":0,"comment_status":"closed","ping_status":"closed","template":"","meta":[],"_links":{"self":[{"href":"http:\/\/www.robertolagrotteria.com\/index.php\/wp-json\/wp\/v2\/pages\/231"}],"collection":[{"href":"http:\/\/www.robertolagrotteria.com\/index.php\/wp-json\/wp\/v2\/pages"}],"about":[{"href":"http:\/\/www.robertolagrotteria.com\/index.php\/wp-json\/wp\/v2\/types\/page"}],"author":[{"embeddable":true,"href":"http:\/\/www.robertolagrotteria.com\/index.php\/wp-json\/wp\/v2\/users\/1"}],"replies":[{"embeddable":true,"href":"http:\/\/www.robertolagrotteria.com\/index.php\/wp-json\/wp\/v2\/comments?post=231"}],"version-history":[{"count":1,"href":"http:\/\/www.robertolagrotteria.com\/index.php\/wp-json\/wp\/v2\/pages\/231\/revisions"}],"predecessor-version":[{"id":232,"href":"http:\/\/www.robertolagrotteria.com\/index.php\/wp-json\/wp\/v2\/pages\/231\/revisions\/232"}],"wp:attachment":[{"href":"http:\/\/www.robertolagrotteria.com\/index.php\/wp-json\/wp\/v2\/media?parent=231"}],"curies":[{"name":"wp","href":"https:\/\/api.w.org\/{rel}","templated":true}]}}