{"id":235,"date":"2022-09-06T11:25:15","date_gmt":"2022-09-06T09:25:15","guid":{"rendered":"http:\/\/www.robertolagrotteria.com\/?page_id=235"},"modified":"2022-09-06T11:25:15","modified_gmt":"2022-09-06T09:25:15","slug":"arthrose-2","status":"publish","type":"page","link":"http:\/\/www.robertolagrotteria.com\/index.php\/de\/arthrose-2\/","title":{"rendered":"Arthrose"},"content":{"rendered":"\n<p>Der aus den griechischen W\u00f6rtern \u201earthro\u201c, was Gelenk bedeutet, und \u201eosi\u201c, was Degeneration bedeutet, gebildete Begriff ARTHROSE bezeichnet eine degenerative Erkrankung der Gelenke.<\/p>\n\n\n\n<figure class=\"wp-block-image\"><img loading=\"lazy\" width=\"230\" height=\"219\" src=\"http:\/\/www.robertolagrotteria.com\/wp-content\/uploads\/artrosi.jpg\" alt=\"\" class=\"wp-image-90\"\/><\/figure>\n\n\n\n<p>Die Gelenke sind f\u00fcr die Verbindung oder \u201eArtikulation\u201c der Knochen zwischen ihnen verantwortlich. Die erste erm\u00f6glicht die Immunkontrolle gegen \u00e4u\u00dfere Einfl\u00fcsse und produziert Substanzen, die f\u00fcr die Ern\u00e4hrung und das Gleiten der Gelenkoberfl\u00e4chen notwendig sind. Der Knorpel, der die Gelenkknochen umh\u00fcllt und sch\u00fctzt, dient vor allem dazu, die Belastung der Gelenke bei Bewegung zu tragen.<\/p>\n\n\n\n<p>Die signifikantesten L\u00e4sionen der Osteoarthritis befinden sich auf der Ebene des Knorpels, sodass die Hauptfolgen dieser Krankheit mit den Hauptfunktionen dieses Gewebes zusammenh\u00e4ngen.<\/p>\n\n\n\n<p>Die Hauptsymptome dieser Krankheit sind mechanisch und bewegungsbedingt. Arthrose kann als eine sich chronisch entwickelnde Gelenkerkrankung definiert werden, die durch degenerative und produktive L\u00e4sionen gekennzeichnet ist, die den Gelenkknorpel betreffen. Die arthritische Gelenkdegeneration hat immer einen konservativen Ansatz mit Rehabilitation und entz\u00fcndungshemmender medikament\u00f6ser Therapie, um sich von den Symptomen und der Biomechanik der Bewegung zu erholen. Wenn sich die Degenerationen in der Anfangsphase befinden, stehen uns Therapien zur Verf\u00fcgung, die das Symptom beheben k\u00f6nnen (entz\u00fcndungshemmende Therapie, Rehabilitation, Infiltration mit ACP-Wachstumsfaktoren, Infiltration mit Hyalurons\u00e4ure).<\/p>\n","protected":false},"excerpt":{"rendered":"<p>Der aus den griechischen W\u00f6rtern \u201earthro\u201c, was Gelenk bedeutet, und \u201eosi\u201c, was Degeneration bedeutet, gebildete Begriff ARTHROSE bezeichnet eine degenerative Erkrankung der Gelenke. Die Gelenke sind f\u00fcr die Verbindung oder \u201eArtikulation\u201c der Knochen zwischen ihnen verantwortlich. Die erste erm\u00f6glicht die Immunkontrolle gegen \u00e4u\u00dfere Einfl\u00fcsse und produziert Substanzen, die f\u00fcr die Ern\u00e4hrung und das Gleiten der &hellip; <\/p>\n<p class=\"link-more\"><a href=\"http:\/\/www.robertolagrotteria.com\/index.php\/de\/arthrose-2\/\" class=\"more-link\">Leggi tutto<span class=\"screen-reader-text\"> &#8220;Arthrose&#8221;<\/span><\/a><\/p>\n","protected":false},"author":1,"featured_media":0,"parent":0,"menu_order":0,"comment_status":"closed","ping_status":"closed","template":"","meta":[],"_links":{"self":[{"href":"http:\/\/www.robertolagrotteria.com\/index.php\/wp-json\/wp\/v2\/pages\/235"}],"collection":[{"href":"http:\/\/www.robertolagrotteria.com\/index.php\/wp-json\/wp\/v2\/pages"}],"about":[{"href":"http:\/\/www.robertolagrotteria.com\/index.php\/wp-json\/wp\/v2\/types\/page"}],"author":[{"embeddable":true,"href":"http:\/\/www.robertolagrotteria.com\/index.php\/wp-json\/wp\/v2\/users\/1"}],"replies":[{"embeddable":true,"href":"http:\/\/www.robertolagrotteria.com\/index.php\/wp-json\/wp\/v2\/comments?post=235"}],"version-history":[{"count":1,"href":"http:\/\/www.robertolagrotteria.com\/index.php\/wp-json\/wp\/v2\/pages\/235\/revisions"}],"predecessor-version":[{"id":236,"href":"http:\/\/www.robertolagrotteria.com\/index.php\/wp-json\/wp\/v2\/pages\/235\/revisions\/236"}],"wp:attachment":[{"href":"http:\/\/www.robertolagrotteria.com\/index.php\/wp-json\/wp\/v2\/media?parent=235"}],"curies":[{"name":"wp","href":"https:\/\/api.w.org\/{rel}","templated":true}]}}