{"id":238,"date":"2022-09-06T11:30:02","date_gmt":"2022-09-06T09:30:02","guid":{"rendered":"http:\/\/www.robertolagrotteria.com\/?page_id=238"},"modified":"2022-09-06T11:30:02","modified_gmt":"2022-09-06T09:30:02","slug":"huftersatz","status":"publish","type":"page","link":"http:\/\/www.robertolagrotteria.com\/index.php\/de\/huftersatz\/","title":{"rendered":"H\u00fcftersatz"},"content":{"rendered":"\n<figure class=\"wp-block-image\"><img loading=\"lazy\" width=\"1600\" height=\"1051\" src=\"http:\/\/www.robertolagrotteria.com\/wp-content\/uploads\/protesi-anca.png\" alt=\"\" class=\"wp-image-77\" srcset=\"http:\/\/www.robertolagrotteria.com\/wp-content\/uploads\/protesi-anca.png 1600w, http:\/\/www.robertolagrotteria.com\/wp-content\/uploads\/protesi-anca-300x197.png 300w, http:\/\/www.robertolagrotteria.com\/wp-content\/uploads\/protesi-anca-768x504.png 768w, http:\/\/www.robertolagrotteria.com\/wp-content\/uploads\/protesi-anca-1024x673.png 1024w\" sizes=\"(max-width: 706px) 89vw, (max-width: 767px) 82vw, 740px\" \/><\/figure>\n\n\n\n<p>In der H\u00fcfte: Bei fortgeschrittener Degeneration wird ein chirurgischer Eingriff mit Einsetzen einer Totalprothese durchgef\u00fchrt.<\/p>\n\n\n\n<p>Mit dem Einsetzen der H\u00fcftprothese k\u00f6nnen die Patienten die volle Gelenkbeweglichkeit wiedererlangen, bis sie wieder in ihre t\u00e4glichen Aktivit\u00e4ten integriert werden k\u00f6nnen. 6-t\u00e4giger Krankenhausaufenthalt in der Klinik, beginnend am 2. postoperativen Tag, zur Geherziehung. Nach der Entlassung dauert die Rehabilitation etwa 3-4 Monate bis zur vollst\u00e4ndigen Genesung.<\/p>\n\n\n\n<figure class=\"wp-block-image\"><img loading=\"lazy\" width=\"512\" height=\"440\" src=\"http:\/\/www.robertolagrotteria.com\/wp-content\/uploads\/protesi-anca-1.png\" alt=\"\" class=\"wp-image-125\" srcset=\"http:\/\/www.robertolagrotteria.com\/wp-content\/uploads\/protesi-anca-1.png 512w, http:\/\/www.robertolagrotteria.com\/wp-content\/uploads\/protesi-anca-1-300x258.png 300w\" sizes=\"(max-width: 512px) 100vw, 512px\" \/><\/figure>\n","protected":false},"excerpt":{"rendered":"<p>In der H\u00fcfte: Bei fortgeschrittener Degeneration wird ein chirurgischer Eingriff mit Einsetzen einer Totalprothese durchgef\u00fchrt. Mit dem Einsetzen der H\u00fcftprothese k\u00f6nnen die Patienten die volle Gelenkbeweglichkeit wiedererlangen, bis sie wieder in ihre t\u00e4glichen Aktivit\u00e4ten integriert werden k\u00f6nnen. 6-t\u00e4giger Krankenhausaufenthalt in der Klinik, beginnend am 2. postoperativen Tag, zur Geherziehung. Nach der Entlassung dauert die Rehabilitation &hellip; <\/p>\n<p class=\"link-more\"><a href=\"http:\/\/www.robertolagrotteria.com\/index.php\/de\/huftersatz\/\" class=\"more-link\">Leggi tutto<span class=\"screen-reader-text\"> &#8220;H\u00fcftersatz&#8221;<\/span><\/a><\/p>\n","protected":false},"author":1,"featured_media":0,"parent":0,"menu_order":0,"comment_status":"closed","ping_status":"closed","template":"","meta":[],"_links":{"self":[{"href":"http:\/\/www.robertolagrotteria.com\/index.php\/wp-json\/wp\/v2\/pages\/238"}],"collection":[{"href":"http:\/\/www.robertolagrotteria.com\/index.php\/wp-json\/wp\/v2\/pages"}],"about":[{"href":"http:\/\/www.robertolagrotteria.com\/index.php\/wp-json\/wp\/v2\/types\/page"}],"author":[{"embeddable":true,"href":"http:\/\/www.robertolagrotteria.com\/index.php\/wp-json\/wp\/v2\/users\/1"}],"replies":[{"embeddable":true,"href":"http:\/\/www.robertolagrotteria.com\/index.php\/wp-json\/wp\/v2\/comments?post=238"}],"version-history":[{"count":1,"href":"http:\/\/www.robertolagrotteria.com\/index.php\/wp-json\/wp\/v2\/pages\/238\/revisions"}],"predecessor-version":[{"id":240,"href":"http:\/\/www.robertolagrotteria.com\/index.php\/wp-json\/wp\/v2\/pages\/238\/revisions\/240"}],"wp:attachment":[{"href":"http:\/\/www.robertolagrotteria.com\/index.php\/wp-json\/wp\/v2\/media?parent=238"}],"curies":[{"name":"wp","href":"https:\/\/api.w.org\/{rel}","templated":true}]}}